{"id":750,"date":"2021-05-11T13:23:28","date_gmt":"2021-05-11T13:23:28","guid":{"rendered":"http:\/\/groups.ist.utl.pt\/hydroevents\/?page_id=750"},"modified":"2021-05-12T16:10:37","modified_gmt":"2021-05-12T16:10:37","slug":"local-organizing-committee","status":"publish","type":"page","link":"http:\/\/groups.ist.utl.pt\/hydroevents\/?page_id=750","title":{"rendered":"Local Organizing Committee"},"content":{"rendered":"\n<figure class=\"wp-block-image size-large\"><img loading=\"lazy\" width=\"945\" height=\"78\" src=\"http:\/\/groups.ist.utl.pt\/hydroevents\/wp-content\/uploads\/2021\/05\/LOGOS-3.png\" alt=\"\" class=\"wp-image-1010\" srcset=\"http:\/\/groups.ist.utl.pt\/hydroevents\/wp-content\/uploads\/2021\/05\/LOGOS-3.png 945w, http:\/\/groups.ist.utl.pt\/hydroevents\/wp-content\/uploads\/2021\/05\/LOGOS-3-300x25.png 300w, http:\/\/groups.ist.utl.pt\/hydroevents\/wp-content\/uploads\/2021\/05\/LOGOS-3-768x63.png 768w\" sizes=\"(max-width: 945px) 100vw, 945px\" \/><\/figure>\n\n\n\n<div class=\"wp-block-columns\">\n<div class=\"wp-block-column\">\n<figure class=\"wp-block-gallery columns-1 is-cropped\"><ul class=\"blocks-gallery-grid\"><li class=\"blocks-gallery-item\"><figure><img loading=\"lazy\" width=\"153\" height=\"180\" src=\"http:\/\/groups.ist.utl.pt\/hydroevents\/wp-content\/uploads\/2021\/05\/CF.png\" alt=\"\" data-id=\"806\" data-full-url=\"http:\/\/groups.ist.utl.pt\/hydroevents\/wp-content\/uploads\/2021\/05\/CF.png\" data-link=\"http:\/\/groups.ist.utl.pt\/hydroevents\/?attachment_id=806\" class=\"wp-image-806\"\/><\/figure><\/li><\/ul><\/figure>\n\n\n\n<p class=\"has-small-font-size\"><strong>Cristina Fael<\/strong><br> UBI<\/p>\n\n\n\n<p class=\"has-small-font-size\">Investigador Respons\u00e1vel&nbsp; <br><\/p>\n<\/div>\n\n\n\n<div class=\"wp-block-column\">\n<figure class=\"wp-block-gallery columns-1 is-cropped\"><ul class=\"blocks-gallery-grid\"><li class=\"blocks-gallery-item\"><figure><img loading=\"lazy\" width=\"152\" height=\"180\" src=\"http:\/\/groups.ist.utl.pt\/hydroevents\/wp-content\/uploads\/2021\/05\/RF.png\" alt=\"\" data-id=\"807\" data-full-url=\"http:\/\/groups.ist.utl.pt\/hydroevents\/wp-content\/uploads\/2021\/05\/RF.png\" data-link=\"http:\/\/groups.ist.utl.pt\/hydroevents\/?attachment_id=807\" class=\"wp-image-807\"\/><\/figure><\/li><\/ul><\/figure>\n\n\n\n<p class=\"has-small-font-size\"><strong>Rui Ferreira<\/strong><br>IST<\/p>\n\n\n\n<p class=\"has-small-font-size\">Co-Investigador Respons\u00e1vel<\/p>\n<\/div>\n\n\n\n<div class=\"wp-block-column\">\n<figure class=\"wp-block-gallery columns-1 is-cropped\"><ul class=\"blocks-gallery-grid\"><li class=\"blocks-gallery-item\"><figure><img loading=\"lazy\" width=\"153\" height=\"180\" src=\"http:\/\/groups.ist.utl.pt\/hydroevents\/wp-content\/uploads\/2021\/05\/JK.png\" alt=\"\" data-id=\"808\" data-full-url=\"http:\/\/groups.ist.utl.pt\/hydroevents\/wp-content\/uploads\/2021\/05\/JK.png\" data-link=\"http:\/\/groups.ist.utl.pt\/hydroevents\/?attachment_id=808\" class=\"wp-image-808\"\/><\/figure><\/li><\/ul><\/figure>\n\n\n\n<p class=\"has-small-font-size\"><strong>Jacob<\/strong> <strong>Keizer<\/strong> UA<\/p>\n\n\n\n<p class=\"has-small-font-size\">Investigador <\/p>\n<\/div>\n\n\n\n<div class=\"wp-block-column\">\n<figure class=\"wp-block-gallery columns-1 is-cropped\"><ul class=\"blocks-gallery-grid\"><li class=\"blocks-gallery-item\"><figure><img loading=\"lazy\" width=\"153\" height=\"180\" src=\"http:\/\/groups.ist.utl.pt\/hydroevents\/wp-content\/uploads\/2021\/05\/AMR.png\" alt=\"\" data-id=\"809\" data-full-url=\"http:\/\/groups.ist.utl.pt\/hydroevents\/wp-content\/uploads\/2021\/05\/AMR.png\" data-link=\"http:\/\/groups.ist.utl.pt\/hydroevents\/?attachment_id=809\" class=\"wp-image-809\"\/><\/figure><\/li><\/ul><\/figure>\n\n\n\n<p class=\"has-small-font-size\"><strong>Ana Ricardo<\/strong> CERIS<\/p>\n\n\n\n<p class=\"has-small-font-size\">Investigadora <\/p>\n<\/div>\n\n\n\n<div class=\"wp-block-column\">\n<figure class=\"wp-block-gallery columns-1 is-cropped\"><ul class=\"blocks-gallery-grid\"><li class=\"blocks-gallery-item\"><figure><img loading=\"lazy\" width=\"153\" height=\"180\" src=\"http:\/\/groups.ist.utl.pt\/hydroevents\/wp-content\/uploads\/2021\/05\/CT.png\" alt=\"\" data-id=\"810\" data-full-url=\"http:\/\/groups.ist.utl.pt\/hydroevents\/wp-content\/uploads\/2021\/05\/CT.png\" data-link=\"http:\/\/groups.ist.utl.pt\/hydroevents\/?attachment_id=810\" class=\"wp-image-810\"\/><\/figure><\/li><\/ul><\/figure>\n\n\n\n<p class=\"has-small-font-size\"><strong>C\u00e1tia Taborda<\/strong> UBI<\/p>\n\n\n\n<p class=\"has-small-font-size\">Investigadora <\/p>\n<\/div>\n<\/div>\n\n\n\n<p><\/p>\n","protected":false},"excerpt":{"rendered":"<p>Cristina Fael UBI Investigador Respons\u00e1vel&nbsp; Rui FerreiraIST Co-Investigador Respons\u00e1vel Jacob Keizer UA Investigador Ana Ricardo CERIS Investigadora C\u00e1tia Taborda UBI Investigadora<\/p>\n","protected":false},"author":1,"featured_media":0,"parent":748,"menu_order":0,"comment_status":"closed","ping_status":"closed","template":"","meta":[],"_links":{"self":[{"href":"http:\/\/groups.ist.utl.pt\/hydroevents\/index.php?rest_route=\/wp\/v2\/pages\/750"}],"collection":[{"href":"http:\/\/groups.ist.utl.pt\/hydroevents\/index.php?rest_route=\/wp\/v2\/pages"}],"about":[{"href":"http:\/\/groups.ist.utl.pt\/hydroevents\/index.php?rest_route=\/wp\/v2\/types\/page"}],"author":[{"embeddable":true,"href":"http:\/\/groups.ist.utl.pt\/hydroevents\/index.php?rest_route=\/wp\/v2\/users\/1"}],"replies":[{"embeddable":true,"href":"http:\/\/groups.ist.utl.pt\/hydroevents\/index.php?rest_route=%2Fwp%2Fv2%2Fcomments&post=750"}],"version-history":[{"count":11,"href":"http:\/\/groups.ist.utl.pt\/hydroevents\/index.php?rest_route=\/wp\/v2\/pages\/750\/revisions"}],"predecessor-version":[{"id":1011,"href":"http:\/\/groups.ist.utl.pt\/hydroevents\/index.php?rest_route=\/wp\/v2\/pages\/750\/revisions\/1011"}],"up":[{"embeddable":true,"href":"http:\/\/groups.ist.utl.pt\/hydroevents\/index.php?rest_route=\/wp\/v2\/pages\/748"}],"wp:attachment":[{"href":"http:\/\/groups.ist.utl.pt\/hydroevents\/index.php?rest_route=%2Fwp%2Fv2%2Fmedia&parent=750"}],"curies":[{"name":"wp","href":"https:\/\/api.w.org\/{rel}","templated":true}]}}